{"id":1270,"date":"2022-10-10T17:28:38","date_gmt":"2022-10-10T17:28:38","guid":{"rendered":"https:\/\/avadawebsites.wpengine.com\/business\/?page_id=1270"},"modified":"2025-07-20T21:42:30","modified_gmt":"2025-07-20T19:42:30","slug":"etudes-et-conseil","status":"publish","type":"page","link":"https:\/\/mc-associates.com.tn\/index.php\/expertise\/etudes-et-conseil\/","title":{"rendered":"Etudes et Conseil"},"content":{"rendered":"<div class=\"fusion-fullwidth fullwidth-box fusion-builder-row-1 fusion-flex-container has-pattern-background has-mask-background nonhundred-percent-fullwidth non-hundred-percent-height-scrolling\" style=\"--awb-border-radius-top-left:0px;--awb-border-radius-top-right:0px;--awb-border-radius-bottom-right:0px;--awb-border-radius-bottom-left:0px;--awb-margin-top:60px;--awb-flex-wrap:wrap;\" ><div class=\"fusion-builder-row fusion-row fusion-flex-align-items-flex-start fusion-flex-content-wrap\" style=\"max-width:1372.8px;margin-left: calc(-4% \/ 2 );margin-right: calc(-4% \/ 2 );\"><div class=\"fusion-layout-column fusion_builder_column fusion-builder-column-0 fusion_builder_column_1_2 1_2 fusion-flex-column\" style=\"--awb-bg-size:cover;--awb-width-large:50%;--awb-margin-top-large:0px;--awb-spacing-right-large:3.84%;--awb-margin-bottom-large:0px;--awb-spacing-left-large:3.84%;--awb-width-medium:50%;--awb-order-medium:0;--awb-spacing-right-medium:3.84%;--awb-spacing-left-medium:3.84%;--awb-width-small:100%;--awb-order-small:0;--awb-spacing-right-small:1.92%;--awb-spacing-left-small:1.92%;\"><div class=\"fusion-column-wrapper fusion-column-has-shadow fusion-flex-justify-content-flex-start fusion-content-layout-column\"><div class=\"fusion-separator\" style=\"align-self: flex-start;margin-right:auto;width:100%;max-width:282px;\"><div class=\"fusion-separator-border sep-single sep-dotted\" style=\"--awb-height:20px;--awb-amount:20px;--awb-sep-color:var(--awb-color4);border-color:var(--awb-color4);border-top-width:1px;\"><\/div><\/div><div class=\"fusion-title title fusion-title-1 fusion-sep-none fusion-title-text fusion-title-size-two\" style=\"--awb-margin-top:20px;\"><h2 class=\"fusion-title-heading title-heading-left\" style=\"margin:0;\">\u00c9tudes et Conseil : Des Solutions Strat\u00e9giques pour Vos Projets<\/h2><\/div><\/div><\/div><div class=\"fusion-layout-column fusion_builder_column fusion-builder-column-1 fusion_builder_column_1_2 1_2 fusion-flex-column\" style=\"--awb-padding-top:70px;--awb-padding-right:60px;--awb-padding-top-small:40px;--awb-bg-size:cover;--awb-width-large:50%;--awb-margin-top-large:0px;--awb-spacing-right-large:3.84%;--awb-margin-bottom-large:0px;--awb-spacing-left-large:3.84%;--awb-width-medium:50%;--awb-order-medium:0;--awb-spacing-right-medium:3.84%;--awb-spacing-left-medium:3.84%;--awb-width-small:100%;--awb-order-small:0;--awb-spacing-right-small:1.92%;--awb-spacing-left-small:1.92%;\"><div class=\"fusion-column-wrapper fusion-column-has-shadow fusion-flex-justify-content-flex-start fusion-content-layout-column\"><div class=\"fusion-text fusion-text-1\" style=\"--awb-font-size:var(--awb-typography2-font-size);--awb-line-height:var(--awb-typography2-line-height);--awb-letter-spacing:var(--awb-typography2-letter-spacing);--awb-text-transform:var(--awb-typography2-text-transform);--awb-text-font-family:var(--awb-typography2-font-family);--awb-text-font-weight:var(--awb-typography2-font-weight);--awb-text-font-style:var(--awb-typography2-font-style);\"><p>Nos services de conseil englobent une large gamme d\u2019\u00e9tudes et d\u2019analyses visant \u00e0 fournir des recommandations strat\u00e9giques, pertinentes et bas\u00e9es sur des donn\u00e9es fiables. Gr\u00e2ce \u00e0 une expertise approfondie et \u00e0 des recherches rigoureuses, nous accompagnons nos clients dans la prise de d\u00e9cisions \u00e9clair\u00e9es, tout en maximisant l\u2019impact de leurs projets et programmes.<\/p>\n<\/div><div class=\"fusion-separator\" style=\"align-self: flex-start;margin-right:auto;margin-top:10px;width:100%;max-width:100px;\"><div class=\"fusion-separator-border sep-single sep-dotted\" style=\"--awb-height:20px;--awb-amount:20px;--awb-sep-color:var(--awb-color4);border-color:var(--awb-color4);border-top-width:1px;\"><\/div><\/div><\/div><\/div><div class=\"fusion-layout-column fusion_builder_column fusion-builder-column-2 fusion_builder_column_1_2 1_2 fusion-flex-column\" style=\"--awb-padding-top:40px;--awb-bg-color:var(--awb-color1);--awb-bg-color-hover:var(--awb-color1);--awb-bg-size:cover;--awb-border-color:hsla(var(--awb-color4-h),var(--awb-color4-s),var(--awb-color4-l),calc(var(--awb-color4-a) - 50%));--awb-border-style:solid;--awb-width-large:50%;--awb-margin-top-large:0px;--awb-spacing-right-large:3.84%;--awb-margin-bottom-large:0px;--awb-spacing-left-large:3.84%;--awb-width-medium:50%;--awb-order-medium:0;--awb-spacing-right-medium:3.84%;--awb-spacing-left-medium:3.84%;--awb-width-small:100%;--awb-order-small:0;--awb-spacing-right-small:1.92%;--awb-spacing-left-small:1.92%;\"><div class=\"fusion-column-wrapper fusion-column-has-shadow fusion-flex-justify-content-flex-start fusion-content-layout-column\"><div ><a class=\"fusion-button button-flat fusion-button-default-size button-custom fusion-button-default button-1 fusion-button-default-span fusion-button-default-type\" style=\"--button_bevel_color:var(--awb-color5);--button_bevel_color_hover:var(--awb-color8);--button_accent_color:var(--awb-color1);--button_accent_hover_color:var(--awb-color1);--button_border_hover_color:var(--awb-color1);--button_gradient_top_color:var(--awb-color4);--button_gradient_bottom_color:var(--awb-color4);--button_gradient_top_color_hover:var(--awb-color5);--button_gradient_bottom_color_hover:var(--awb-color5);--button_text_transform:var(--awb-typography5-text-transform);--button_font_size:var(--awb-typography5-font-size);--button_line_height:var(--awb-typography5-line-height);--button_padding-top:10px;--button_padding-right:20px;--button_padding-bottom:10px;--button_padding-left:20px;--button_typography-letter-spacing:var(--awb-typography5-letter-spacing);--button_typography-font-family:var(--awb-typography5-font-family);--button_typography-font-weight:var(--awb-typography5-font-weight);--button_typography-font-style:var(--awb-typography5-font-style);\" target=\"_self\" href=\"#\"><span class=\"fusion-button-text awb-button__text awb-button__text--default\">Step &#8211; 1<\/span><\/a><\/div><div class=\"fusion-title title fusion-title-2 fusion-sep-none fusion-title-text fusion-title-size-five\" style=\"--awb-margin-top:40px;--awb-margin-bottom:10px;--awb-margin-top-small:30px;\"><h5 class=\"fusion-title-heading title-heading-left\" style=\"margin:0;\">\u00c9tudes de Faisabilit\u00e9 : Valider le Potentiel de Votre Projet<\/h5><\/div><div class=\"fusion-text fusion-text-2\"><p>Avant de lancer un projet, il est essentiel d\u2019\u00e9valuer sa faisabilit\u00e9 \u00e0 travers une analyse rigoureuse. Nos \u00e9tudes de faisabilit\u00e9 examinent tous les aspects financiers, techniques, op\u00e9rationnels et organisationnels afin de garantir que votre initiative est r\u00e9alisable et durable. Nous identifions les risques potentiels et les opportunit\u00e9s, tout en vous fournissant des recommandations claires pour faciliter la prise de d\u00e9cision.<\/p>\n<\/div><\/div><\/div><div class=\"fusion-layout-column fusion_builder_column fusion-builder-column-3 fusion_builder_column_1_2 1_2 fusion-flex-column\" style=\"--awb-padding-top:40px;--awb-bg-color:var(--awb-color1);--awb-bg-color-hover:var(--awb-color1);--awb-bg-size:cover;--awb-border-color:hsla(var(--awb-color4-h),var(--awb-color4-s),var(--awb-color4-l),calc(var(--awb-color4-a) - 50%));--awb-border-style:solid;--awb-width-large:50%;--awb-margin-top-large:0px;--awb-spacing-right-large:3.84%;--awb-margin-bottom-large:0px;--awb-spacing-left-large:3.84%;--awb-width-medium:50%;--awb-order-medium:0;--awb-spacing-right-medium:3.84%;--awb-spacing-left-medium:3.84%;--awb-width-small:100%;--awb-order-small:0;--awb-spacing-right-small:1.92%;--awb-spacing-left-small:1.92%;\"><div class=\"fusion-column-wrapper fusion-column-has-shadow fusion-flex-justify-content-flex-start fusion-content-layout-column\"><div ><a class=\"fusion-button button-flat fusion-button-default-size button-custom fusion-button-default button-2 fusion-button-default-span fusion-button-default-type\" style=\"--button_bevel_color:var(--awb-color5);--button_bevel_color_hover:var(--awb-color8);--button_accent_color:var(--awb-color1);--button_accent_hover_color:var(--awb-color1);--button_border_hover_color:var(--awb-color1);--button_gradient_top_color:hsla(var(--awb-color6-h),var(--awb-color6-s),calc(var(--awb-color6-l) + 15%),var(--awb-color6-a));--button_gradient_bottom_color:hsla(var(--awb-color6-h),var(--awb-color6-s),calc(var(--awb-color6-l) + 15%),var(--awb-color6-a));--button_gradient_top_color_hover:var(--awb-color5);--button_gradient_bottom_color_hover:var(--awb-color5);--button_text_transform:var(--awb-typography5-text-transform);--button_font_size:var(--awb-typography5-font-size);--button_line_height:var(--awb-typography5-line-height);--button_padding-top:10px;--button_padding-right:20px;--button_padding-bottom:10px;--button_padding-left:20px;--button_typography-letter-spacing:var(--awb-typography5-letter-spacing);--button_typography-font-family:var(--awb-typography5-font-family);--button_typography-font-weight:var(--awb-typography5-font-weight);--button_typography-font-style:var(--awb-typography5-font-style);\" target=\"_self\" href=\"#\"><span class=\"fusion-button-text awb-button__text awb-button__text--default\">Step &#8211; 2<\/span><\/a><\/div><div class=\"fusion-title title fusion-title-3 fusion-sep-none fusion-title-text fusion-title-size-five\" style=\"--awb-margin-top:40px;--awb-margin-bottom:10px;--awb-margin-top-small:30px;\"><h5 class=\"fusion-title-heading title-heading-left\" style=\"margin:0;\">\u00c9tudes Strat\u00e9giques : Optimiser Vos Orientations<\/h5><\/div><div class=\"fusion-text fusion-text-3\"><p>Nos \u00e9tudes strat\u00e9giques permettent de d\u00e9finir les orientations les plus appropri\u00e9es pour vos projets et programmes. En tenant compte du contexte global et des objectifs sp\u00e9cifiques, nous \u00e9laborons des strat\u00e9gies qui maximisent la r\u00e9ussite de vos initiatives. Gr\u00e2ce \u00e0 une analyse fine des tendances, des forces et des faiblesses, nous vous aidons \u00e0 prendre des d\u00e9cisions \u00e0 fort impact.<\/p>\n<\/div><\/div><\/div><div class=\"fusion-layout-column fusion_builder_column fusion-builder-column-4 fusion_builder_column_1_2 1_2 fusion-flex-column\" style=\"--awb-padding-top:40px;--awb-bg-color:var(--awb-color1);--awb-bg-color-hover:var(--awb-color1);--awb-bg-size:cover;--awb-border-color:hsla(var(--awb-color4-h),var(--awb-color4-s),var(--awb-color4-l),calc(var(--awb-color4-a) - 50%));--awb-border-style:solid;--awb-width-large:50%;--awb-margin-top-large:0px;--awb-spacing-right-large:3.84%;--awb-margin-bottom-large:0px;--awb-spacing-left-large:3.84%;--awb-width-medium:50%;--awb-order-medium:0;--awb-spacing-right-medium:3.84%;--awb-spacing-left-medium:3.84%;--awb-width-small:100%;--awb-order-small:0;--awb-spacing-right-small:1.92%;--awb-spacing-left-small:1.92%;\"><div class=\"fusion-column-wrapper fusion-column-has-shadow fusion-flex-justify-content-flex-start fusion-content-layout-column\"><div ><a class=\"fusion-button button-flat fusion-button-default-size button-custom fusion-button-default button-3 fusion-button-default-span fusion-button-default-type\" style=\"--button_bevel_color:var(--awb-color5);--button_bevel_color_hover:var(--awb-color8);--button_accent_color:var(--awb-color1);--button_accent_hover_color:var(--awb-color1);--button_border_hover_color:var(--awb-color1);--button_gradient_top_color:var(--awb-color7);--button_gradient_bottom_color:var(--awb-color7);--button_gradient_top_color_hover:var(--awb-color5);--button_gradient_bottom_color_hover:var(--awb-color5);--button_text_transform:var(--awb-typography5-text-transform);--button_font_size:var(--awb-typography5-font-size);--button_line_height:var(--awb-typography5-line-height);--button_padding-top:10px;--button_padding-right:20px;--button_padding-bottom:10px;--button_padding-left:20px;--button_typography-letter-spacing:var(--awb-typography5-letter-spacing);--button_typography-font-family:var(--awb-typography5-font-family);--button_typography-font-weight:var(--awb-typography5-font-weight);--button_typography-font-style:var(--awb-typography5-font-style);\" target=\"_self\" href=\"#\"><span class=\"fusion-button-text awb-button__text awb-button__text--default\">Step &#8211; 3<\/span><\/a><\/div><div class=\"fusion-title title fusion-title-4 fusion-sep-none fusion-title-text fusion-title-size-five\" style=\"--awb-margin-top:40px;--awb-margin-bottom:10px;--awb-margin-top-small:30px;\"><h5 class=\"fusion-title-heading title-heading-left\" style=\"margin:0;\">Analyses de March\u00e9 et \u00c9valuations d\u2019Impact : Mesurer et Maximiser l\u2019Efficacit\u00e9<\/h5><\/div><div class=\"fusion-text fusion-text-4\"><p>Nous r\u00e9alisons des analyses de march\u00e9 compl\u00e8tes afin de comprendre les dynamiques du secteur dans lequel vous \u00e9voluez. En parall\u00e8le, nos \u00e9valuations d&rsquo;impact permettent de mesurer pr\u00e9cis\u00e9ment l&rsquo;efficacit\u00e9 de vos projets, en prenant en compte les r\u00e9sultats attendus et obtenus. Ces analyses sont essentielles pour adapter vos strat\u00e9gies et maximiser les b\u00e9n\u00e9fices \u00e0 long terme.<\/p>\n<\/div><\/div><\/div><div class=\"fusion-layout-column fusion_builder_column fusion-builder-column-5 fusion_builder_column_1_2 1_2 fusion-flex-column\" style=\"--awb-padding-top:40px;--awb-bg-color:var(--awb-color1);--awb-bg-color-hover:var(--awb-color1);--awb-bg-size:cover;--awb-border-color:hsla(var(--awb-color4-h),var(--awb-color4-s),var(--awb-color4-l),calc(var(--awb-color4-a) - 50%));--awb-border-style:solid;--awb-width-large:50%;--awb-margin-top-large:0px;--awb-spacing-right-large:3.84%;--awb-margin-bottom-large:0px;--awb-spacing-left-large:3.84%;--awb-width-medium:50%;--awb-order-medium:0;--awb-spacing-right-medium:3.84%;--awb-spacing-left-medium:3.84%;--awb-width-small:100%;--awb-order-small:0;--awb-spacing-right-small:1.92%;--awb-spacing-left-small:1.92%;\"><div class=\"fusion-column-wrapper fusion-column-has-shadow fusion-flex-justify-content-flex-start fusion-content-layout-column\"><div ><a class=\"fusion-button button-flat fusion-button-default-size button-custom fusion-button-default button-4 fusion-button-default-span fusion-button-default-type\" style=\"--button_bevel_color:var(--awb-color5);--button_bevel_color_hover:var(--awb-color8);--button_accent_color:var(--awb-color1);--button_accent_hover_color:var(--awb-color1);--button_border_hover_color:var(--awb-color1);--button_gradient_top_color:var(--awb-color7);--button_gradient_bottom_color:var(--awb-color7);--button_gradient_top_color_hover:var(--awb-color5);--button_gradient_bottom_color_hover:var(--awb-color5);--button_text_transform:var(--awb-typography5-text-transform);--button_font_size:var(--awb-typography5-font-size);--button_line_height:var(--awb-typography5-line-height);--button_padding-top:10px;--button_padding-right:20px;--button_padding-bottom:10px;--button_padding-left:20px;--button_typography-letter-spacing:var(--awb-typography5-letter-spacing);--button_typography-font-family:var(--awb-typography5-font-family);--button_typography-font-weight:var(--awb-typography5-font-weight);--button_typography-font-style:var(--awb-typography5-font-style);\" target=\"_self\" href=\"#\"><span class=\"fusion-button-text awb-button__text awb-button__text--default\">Step -4<\/span><\/a><\/div><div class=\"fusion-title title fusion-title-5 fusion-sep-none fusion-title-text fusion-title-size-five\" style=\"--awb-margin-top:40px;--awb-margin-bottom:10px;--awb-margin-top-small:30px;\"><h5 class=\"fusion-title-heading title-heading-left\" style=\"margin:0;\">Analyses de March\u00e9 et \u00c9valuations d\u2019Impact : Mesurer et Maximiser l\u2019Efficacit\u00e9<\/h5><\/div><div class=\"fusion-text fusion-text-5\"><p>Toutes nos recommandations reposent sur des donn\u00e9es fiables, issues d&rsquo;\u00e9tudes rigoureuses. Nous nous assurons que chaque d\u00e9cision strat\u00e9gique repose sur des faits concrets et des analyses pertinentes, garantissant ainsi une gestion optimale et durable de vos projets.<\/p>\n<\/div><\/div><\/div><\/div><\/div>\n","protected":false},"excerpt":{"rendered":"","protected":false},"author":1,"featured_media":0,"parent":1018,"menu_order":0,"comment_status":"closed","ping_status":"closed","template":"100-width.php","meta":{"_acf_changed":false,"footnotes":""},"class_list":["post-1270","page","type-page","status-publish","hentry"],"acf":[],"yoast_head":"<!-- This site is optimized with the Yoast SEO plugin v25.5 - https:\/\/yoast.com\/wordpress\/plugins\/seo\/ -->\n<title>Etudes et Conseil - MC &amp; ASSOCIATES<\/title>\n<meta name=\"robots\" content=\"index, follow, max-snippet:-1, max-image-preview:large, max-video-preview:-1\" \/>\n<link rel=\"canonical\" href=\"http:\/\/mc-associates.com.tn\/index.php\/expertise\/etudes-et-conseil\/\" \/>\n<meta property=\"og:locale\" content=\"fr_FR\" \/>\n<meta property=\"og:type\" content=\"article\" \/>\n<meta property=\"og:title\" content=\"Etudes et Conseil - MC &amp; ASSOCIATES\" \/>\n<meta property=\"og:url\" content=\"http:\/\/mc-associates.com.tn\/index.php\/expertise\/etudes-et-conseil\/\" \/>\n<meta property=\"og:site_name\" content=\"MC &amp; ASSOCIATES\" \/>\n<meta property=\"article:modified_time\" content=\"2025-07-20T19:42:30+00:00\" \/>\n<meta name=\"twitter:card\" content=\"summary_large_image\" \/>\n<meta name=\"twitter:label1\" content=\"Dur\u00e9e de lecture estim\u00e9e\" \/>\n\t<meta name=\"twitter:data1\" content=\"2 minutes\" \/>\n<script type=\"application\/ld+json\" class=\"yoast-schema-graph\">{\"@context\":\"https:\/\/schema.org\",\"@graph\":[{\"@type\":\"WebPage\",\"@id\":\"http:\/\/mc-associates.com.tn\/index.php\/expertise\/etudes-et-conseil\/\",\"url\":\"http:\/\/mc-associates.com.tn\/index.php\/expertise\/etudes-et-conseil\/\",\"name\":\"Etudes et Conseil - MC &amp; ASSOCIATES\",\"isPartOf\":{\"@id\":\"http:\/\/mc-associates.com.tn\/#website\"},\"datePublished\":\"2022-10-10T17:28:38+00:00\",\"dateModified\":\"2025-07-20T19:42:30+00:00\",\"breadcrumb\":{\"@id\":\"http:\/\/mc-associates.com.tn\/index.php\/expertise\/etudes-et-conseil\/#breadcrumb\"},\"inLanguage\":\"fr-FR\",\"potentialAction\":[{\"@type\":\"ReadAction\",\"target\":[\"http:\/\/mc-associates.com.tn\/index.php\/expertise\/etudes-et-conseil\/\"]}]},{\"@type\":\"BreadcrumbList\",\"@id\":\"http:\/\/mc-associates.com.tn\/index.php\/expertise\/etudes-et-conseil\/#breadcrumb\",\"itemListElement\":[{\"@type\":\"ListItem\",\"position\":1,\"name\":\"Accueil\",\"item\":\"http:\/\/mc-associates.com.tn\/\"},{\"@type\":\"ListItem\",\"position\":2,\"name\":\"What We Do\",\"item\":\"http:\/\/mc-associates.com.tn\/index.php\/expertise\/\"},{\"@type\":\"ListItem\",\"position\":3,\"name\":\"Etudes et Conseil\"}]},{\"@type\":\"WebSite\",\"@id\":\"http:\/\/mc-associates.com.tn\/#website\",\"url\":\"http:\/\/mc-associates.com.tn\/\",\"name\":\"MC & ASSOCIATES\",\"description\":\"Managment &amp; Fundraising\",\"publisher\":{\"@id\":\"http:\/\/mc-associates.com.tn\/#organization\"},\"potentialAction\":[{\"@type\":\"SearchAction\",\"target\":{\"@type\":\"EntryPoint\",\"urlTemplate\":\"http:\/\/mc-associates.com.tn\/?s={search_term_string}\"},\"query-input\":{\"@type\":\"PropertyValueSpecification\",\"valueRequired\":true,\"valueName\":\"search_term_string\"}}],\"inLanguage\":\"fr-FR\"},{\"@type\":\"Organization\",\"@id\":\"http:\/\/mc-associates.com.tn\/#organization\",\"name\":\"MC & ASSOCIATES\",\"url\":\"http:\/\/mc-associates.com.tn\/\",\"logo\":{\"@type\":\"ImageObject\",\"inLanguage\":\"fr-FR\",\"@id\":\"http:\/\/mc-associates.com.tn\/#\/schema\/logo\/image\/\",\"url\":\"https:\/\/mc-associates.com.tn\/wp-content\/uploads\/2022\/09\/logo-mc.jpg\",\"contentUrl\":\"https:\/\/mc-associates.com.tn\/wp-content\/uploads\/2022\/09\/logo-mc.jpg\",\"width\":262,\"height\":190,\"caption\":\"MC & ASSOCIATES\"},\"image\":{\"@id\":\"http:\/\/mc-associates.com.tn\/#\/schema\/logo\/image\/\"}}]}<\/script>\n<!-- \/ Yoast SEO plugin. -->","yoast_head_json":{"title":"Etudes et Conseil - MC &amp; ASSOCIATES","robots":{"index":"index","follow":"follow","max-snippet":"max-snippet:-1","max-image-preview":"max-image-preview:large","max-video-preview":"max-video-preview:-1"},"canonical":"http:\/\/mc-associates.com.tn\/index.php\/expertise\/etudes-et-conseil\/","og_locale":"fr_FR","og_type":"article","og_title":"Etudes et Conseil - MC &amp; ASSOCIATES","og_url":"http:\/\/mc-associates.com.tn\/index.php\/expertise\/etudes-et-conseil\/","og_site_name":"MC &amp; ASSOCIATES","article_modified_time":"2025-07-20T19:42:30+00:00","twitter_card":"summary_large_image","twitter_misc":{"Dur\u00e9e de lecture estim\u00e9e":"2 minutes"},"schema":{"@context":"https:\/\/schema.org","@graph":[{"@type":"WebPage","@id":"http:\/\/mc-associates.com.tn\/index.php\/expertise\/etudes-et-conseil\/","url":"http:\/\/mc-associates.com.tn\/index.php\/expertise\/etudes-et-conseil\/","name":"Etudes et Conseil - MC &amp; ASSOCIATES","isPartOf":{"@id":"http:\/\/mc-associates.com.tn\/#website"},"datePublished":"2022-10-10T17:28:38+00:00","dateModified":"2025-07-20T19:42:30+00:00","breadcrumb":{"@id":"http:\/\/mc-associates.com.tn\/index.php\/expertise\/etudes-et-conseil\/#breadcrumb"},"inLanguage":"fr-FR","potentialAction":[{"@type":"ReadAction","target":["http:\/\/mc-associates.com.tn\/index.php\/expertise\/etudes-et-conseil\/"]}]},{"@type":"BreadcrumbList","@id":"http:\/\/mc-associates.com.tn\/index.php\/expertise\/etudes-et-conseil\/#breadcrumb","itemListElement":[{"@type":"ListItem","position":1,"name":"Accueil","item":"http:\/\/mc-associates.com.tn\/"},{"@type":"ListItem","position":2,"name":"What We Do","item":"http:\/\/mc-associates.com.tn\/index.php\/expertise\/"},{"@type":"ListItem","position":3,"name":"Etudes et Conseil"}]},{"@type":"WebSite","@id":"http:\/\/mc-associates.com.tn\/#website","url":"http:\/\/mc-associates.com.tn\/","name":"MC & ASSOCIATES","description":"Managment &amp; Fundraising","publisher":{"@id":"http:\/\/mc-associates.com.tn\/#organization"},"potentialAction":[{"@type":"SearchAction","target":{"@type":"EntryPoint","urlTemplate":"http:\/\/mc-associates.com.tn\/?s={search_term_string}"},"query-input":{"@type":"PropertyValueSpecification","valueRequired":true,"valueName":"search_term_string"}}],"inLanguage":"fr-FR"},{"@type":"Organization","@id":"http:\/\/mc-associates.com.tn\/#organization","name":"MC & ASSOCIATES","url":"http:\/\/mc-associates.com.tn\/","logo":{"@type":"ImageObject","inLanguage":"fr-FR","@id":"http:\/\/mc-associates.com.tn\/#\/schema\/logo\/image\/","url":"https:\/\/mc-associates.com.tn\/wp-content\/uploads\/2022\/09\/logo-mc.jpg","contentUrl":"https:\/\/mc-associates.com.tn\/wp-content\/uploads\/2022\/09\/logo-mc.jpg","width":262,"height":190,"caption":"MC & ASSOCIATES"},"image":{"@id":"http:\/\/mc-associates.com.tn\/#\/schema\/logo\/image\/"}}]}},"_links":{"self":[{"href":"https:\/\/mc-associates.com.tn\/index.php\/wp-json\/wp\/v2\/pages\/1270","targetHints":{"allow":["GET"]}}],"collection":[{"href":"https:\/\/mc-associates.com.tn\/index.php\/wp-json\/wp\/v2\/pages"}],"about":[{"href":"https:\/\/mc-associates.com.tn\/index.php\/wp-json\/wp\/v2\/types\/page"}],"author":[{"embeddable":true,"href":"https:\/\/mc-associates.com.tn\/index.php\/wp-json\/wp\/v2\/users\/1"}],"replies":[{"embeddable":true,"href":"https:\/\/mc-associates.com.tn\/index.php\/wp-json\/wp\/v2\/comments?post=1270"}],"version-history":[{"count":3,"href":"https:\/\/mc-associates.com.tn\/index.php\/wp-json\/wp\/v2\/pages\/1270\/revisions"}],"predecessor-version":[{"id":3914,"href":"https:\/\/mc-associates.com.tn\/index.php\/wp-json\/wp\/v2\/pages\/1270\/revisions\/3914"}],"up":[{"embeddable":true,"href":"https:\/\/mc-associates.com.tn\/index.php\/wp-json\/wp\/v2\/pages\/1018"}],"wp:attachment":[{"href":"https:\/\/mc-associates.com.tn\/index.php\/wp-json\/wp\/v2\/media?parent=1270"}],"curies":[{"name":"wp","href":"https:\/\/api.w.org\/{rel}","templated":true}]}}